{"id":1103,"date":"2020-04-24T07:38:02","date_gmt":"2020-04-24T07:38:02","guid":{"rendered":"http:\/\/gri.ese.ipp.pt\/bem-vindo-welcome-english\/"},"modified":"2024-09-18T15:09:49","modified_gmt":"2024-09-18T15:09:49","slug":"bem-vindo-welcome-english","status":"publish","type":"page","link":"https:\/\/gri.ese.ipp.pt\/?page_id=1103&lang=en","title":{"rendered":"Welcome"},"content":{"rendered":"\n<h3 class=\"wp-block-heading\" id=\"news\">News<\/h3>\n\n\n\n<h2 class=\"wp-block-heading\">Useful information on the services available @ESE\/P.PORTO<\/h2>\n\n\n\n<div data-wp-interactive=\"core\/file\" class=\"wp-block-file\"><object data-wp-bind--hidden=\"!state.hasPdfPreview\" hidden class=\"wp-block-file__embed\" data=\"https:\/\/gri.ese.ipp.pt\/wp-content\/uploads\/2024\/07\/integrar-e-2024-ENv1.pdf\" type=\"application\/pdf\" style=\"width:100%;height:600px\" aria-label=\"Incorpora\u00e7\u00e3o de integrar e 2024 ENv1.\"><\/object><a id=\"wp-block-file--media-3fa3e31b-d943-419f-9b30-4ce9c3a14ade\" href=\"https:\/\/gri.ese.ipp.pt\/wp-content\/uploads\/2024\/07\/integrar-e-2024-ENv1.pdf\">integrar e 2024 ENv1<\/a><a href=\"https:\/\/gri.ese.ipp.pt\/wp-content\/uploads\/2024\/07\/integrar-e-2024-ENv1.pdf\" class=\"wp-block-file__button wp-element-button\" download aria-describedby=\"wp-block-file--media-3fa3e31b-d943-419f-9b30-4ce9c3a14ade\">Descarregar<\/a><\/div>\n\n\n\n<p><\/p>\n\n\n\n<p><\/p>\n\n\n\n<div class=\"wp-block-media-text is-stacked-on-mobile is-resized\"><figure class=\"wp-block-media-text__media\"><img loading=\"lazy\" decoding=\"async\" width=\"240\" height=\"86\" src=\"https:\/\/gri.ese.ipp.pt\/wp-content\/uploads\/2023\/01\/cropped-cropped-inter-net-working-cor1-1-1.png\" alt=\"\" class=\"wp-image-1816 size-full\"\/><\/figure><div class=\"wp-block-media-text__content\">\n<p><\/p>\n<\/div><\/div>\n\n\n\n<p>We are happy to announce that preparations are underway for the new edition of the InterNetWorking Conference \u2013 Intercultural Week (INW25).<\/p>\n\n\n\n<p>The event is scheduled to take place in late April 2025 (precise dates to be announced).<\/p>\n\n\n\n<p>All relevant information on the previous editions can be found here: <a href=\"http:\/\/inw.ese.ipp.pt\" target=\"_blank\" rel=\"noreferrer noopener\">http:\/\/inw.ese.ipp.pt<\/a><\/p>\n\n\n\n<p><\/p>\n\n\n\n<p><\/p>\n\n\n\n<h2 class=\"wp-block-heading\">InterNetWorking Welcome Session 2024\/25<\/h2>\n\n\n\n<p>Dear International Student,<\/p>\n\n\n\n<p>The School of Education welcomes you and greets you for selecting our institution to undertake a mobility experience.<\/p>\n\n\n\n<p>For students doing mobility under cooperation programmes (such as Erasmus+), the International Relations Office is organizing an InterNetWorking Welcome Session, which will take place face-to-face on 19 September 2024 at 10h30 (Room A106).<\/p>\n\n\n\n<p>We hope you enjoy your experience at our School and in Porto!<\/p>\n\n\n\n<p>Programme:<br>\u2022 Opening session \u2013 presentation of our institution and key aspects of Erasmus+ mobility;<br>\u2022 Portuguese language and culture survival course;<br>\u2022 University campus tour and Oporto city tour together with our group of eBuddies (Portuguese volunteer students from the School of Education who will welcome you and help you get integrated).<\/p>\n\n\n\n<p><\/p>\n\n\n\n<p><\/p>\n\n\n\n<h3 class=\"wp-block-heading\">&#8220;Project Podcast &#8211; A guide to International Mobility&#8221;<\/h3>\n\n\n\n<div class=\"wp-block-columns is-layout-flex wp-container-core-columns-is-layout-9d6595d7 wp-block-columns-is-layout-flex\">\n<div class=\"wp-block-column is-layout-flow wp-block-column-is-layout-flow\" style=\"flex-basis:33.33%\">\n<figure class=\"wp-block-gallery has-nested-images columns-default is-cropped wp-block-gallery-1 is-layout-flex wp-block-gallery-is-layout-flex\">\n<figure class=\"wp-block-image size-large\"><img loading=\"lazy\" decoding=\"async\" width=\"863\" height=\"1024\" data-id=\"1625\" src=\"https:\/\/gri.ese.ipp.pt\/wp-content\/uploads\/2021\/07\/ESE-GRI-PODCAST-ENG-5-863x1024.png\" alt=\"\" class=\"wp-image-1625\" srcset=\"https:\/\/gri.ese.ipp.pt\/wp-content\/uploads\/2021\/07\/ESE-GRI-PODCAST-ENG-5-863x1024.png 863w, https:\/\/gri.ese.ipp.pt\/wp-content\/uploads\/2021\/07\/ESE-GRI-PODCAST-ENG-5-253x300.png 253w, https:\/\/gri.ese.ipp.pt\/wp-content\/uploads\/2021\/07\/ESE-GRI-PODCAST-ENG-5-768x912.png 768w, https:\/\/gri.ese.ipp.pt\/wp-content\/uploads\/2021\/07\/ESE-GRI-PODCAST-ENG-5-1294x1536.png 1294w, https:\/\/gri.ese.ipp.pt\/wp-content\/uploads\/2021\/07\/ESE-GRI-PODCAST-ENG-5-1725x2048.png 1725w\" sizes=\"auto, (max-width: 863px) 100vw, 863px\" \/><\/figure>\n<\/figure>\n<\/div>\n\n\n\n<div class=\"wp-block-column is-layout-flow wp-block-column-is-layout-flow\" style=\"flex-basis:33.33%\"><\/div>\n\n\n\n<div class=\"wp-block-column is-layout-flow wp-block-column-is-layout-flow\" style=\"flex-basis:33.33%\"><\/div>\n<\/div>\n\n\n\n<p>The emergence of the <strong>COVID-19<\/strong> virus brought immense implications that led to the declaration of a state of emergency and, consequently, a global pandemic. Forcibly, and for the sake of public health, a mandatory quarantine was imposed which made interpersonal relationships more difficult, completely preventing face-to-face contact. How has this been remedied? Well, virtually. Any everyday situation considered &#8220;banal&#8221; was now done through a screen, and our school\u2019s students were no exception.&nbsp;<\/p>\n\n\n\n<p>This is where the <strong>&#8220;Project Podcast &#8211; A guide to International Mobility&#8221; <\/strong>was born, a Podcast created by the intern students of the International Relations Office (GRI). This project was one of the several &#8220;pearls&#8221; created by the pandemic. It aims to promote social and intercultural interaction among students of the School of Education and students inserted in the various International Mobility Programmes that the GRI offers through an informal conversation that includes themes such as the Internationalisation of Higher Education, Multiculturalism, Multicultural Coexistence, Plurilingualism, and much more.<\/p>\n\n\n\n<p>Thus, in the subsequent academic years this project was continued by the interns of the GRI. Despite the slow return to normality, the project proved to be too important, with positive feedbacks that aroused interest and motivation, to be discontinued, so that, at the date of writing this article, new episodes are still being recorded. For those interested in listening to the podcast, links to all the episodes are available on the main page of the GRI website, as well as in the QR code shown below.<\/p>\n\n\n\n<p><\/p>\n\n\n\n<p><a rel=\"noreferrer noopener\" href=\"#WeReturnTogether\" target=\"_blank\">#WeReturnTogether<\/a><\/p>\n\n\n\n<figure class=\"wp-block-video\"><video height=\"1080\" style=\"aspect-ratio: 1920 \/ 1080;\" width=\"1920\" controls src=\"https:\/\/gri.ese.ipp.pt\/wp-content\/uploads\/2020\/05\/We-return-together.mp4\"><\/video><\/figure>\n\n\n\n<figure class=\"wp-block-image\"><img loading=\"lazy\" decoding=\"async\" width=\"300\" height=\"85\" src=\"https:\/\/gri.ese.ipp.pt\/wp-content\/uploads\/2018\/07\/ebuddy-300x85.png\" alt=\"\" class=\"wp-image-405\" srcset=\"https:\/\/gri.ese.ipp.pt\/wp-content\/uploads\/2018\/07\/ebuddy-300x85.png 300w, https:\/\/gri.ese.ipp.pt\/wp-content\/uploads\/2018\/07\/ebuddy.png 394w\" sizes=\"auto, (max-width: 300px) 100vw, 300px\" \/><\/figure>\n\n\n\n<p>If you are a student of the School of Education, please enrol in our eBuddy programme <a href=\"https:\/\/forms.office.com\/e\/3DhjRWesDe\" target=\"_blank\" rel=\"noreferrer noopener\">here<\/a>!<\/p>\n\n\n\n<p><\/p>\n\n\n\n<h3 class=\"wp-block-heading\" id=\"members-of-the-international-relations-office\">Members of the International Relations Office<\/h3>\n\n\n\n<div class=\"wp-block-group\"><div class=\"wp-block-group__inner-container is-layout-flow wp-block-group-is-layout-flow\">\n<figure class=\"wp-block-gallery has-nested-images columns-2 is-cropped wp-block-gallery-2 is-layout-flex wp-block-gallery-is-layout-flex\">\n<figure class=\"wp-block-image size-full\"><img loading=\"lazy\" decoding=\"async\" width=\"356\" height=\"458\" data-id=\"1785\" src=\"https:\/\/gri.ese.ipp.pt\/wp-content\/uploads\/2022\/09\/foto_SB-2.jpg\" alt=\"\" class=\"wp-image-1785\" srcset=\"https:\/\/gri.ese.ipp.pt\/wp-content\/uploads\/2022\/09\/foto_SB-2.jpg 356w, https:\/\/gri.ese.ipp.pt\/wp-content\/uploads\/2022\/09\/foto_SB-2-233x300.jpg 233w\" sizes=\"auto, (max-width: 356px) 100vw, 356px\" \/><figcaption class=\"wp-element-caption\">S\u00edlvia Barros<br>(Coordinator)<\/figcaption><\/figure>\n\n\n\n<figure class=\"wp-block-image size-large\"><img loading=\"lazy\" decoding=\"async\" width=\"447\" height=\"444\" data-id=\"395\" src=\"https:\/\/gri.ese.ipp.pt\/wp-content\/uploads\/2018\/07\/dianafinal.png\" alt=\"\" class=\"wp-image-395\" srcset=\"https:\/\/gri.ese.ipp.pt\/wp-content\/uploads\/2018\/07\/dianafinal.png 447w, https:\/\/gri.ese.ipp.pt\/wp-content\/uploads\/2018\/07\/dianafinal-150x150.png 150w, https:\/\/gri.ese.ipp.pt\/wp-content\/uploads\/2018\/07\/dianafinal-300x298.png 300w\" sizes=\"auto, (max-width: 447px) 100vw, 447px\" \/><figcaption class=\"wp-element-caption\">Diana Kruma-Ferreira<br>(Administrative support)<\/figcaption><\/figure>\n<\/figure>\n<\/div><\/div>\n\n\n\n<div class=\"wp-block-group\"><div class=\"wp-block-group__inner-container is-layout-flow wp-block-group-is-layout-flow\">\n<figure class=\"wp-block-gallery has-nested-images columns-default is-cropped wp-block-gallery-3 is-layout-flex wp-block-gallery-is-layout-flex\"><\/figure>\n<\/div><\/div>\n\n\n\n<p><strong>a<\/strong>&nbsp;Polit\u00e9cnico do Porto&nbsp;&#8211; Escola Superior de Educa\u00e7\u00e3o, Rua Dr. Roberto Frias, 602, 4200-465 Porto, Portugal<\/p>\n\n\n\n<p><strong>t<\/strong>&nbsp;+351 225073474<\/p>\n\n\n\n<p><strong>f<\/strong> +351 225073464<\/p>\n\n\n\n<p><strong>e <\/strong>gri@ese.ipp.pt<\/p>\n\n\n\n<p><a href=\"https:\/\/join.skype.com\/invite\/iN4KnHPqt2VX\"><img loading=\"lazy\" decoding=\"async\" class=\"alignnone  wp-image-1097\" src=\"https:\/\/gri.ese.ipp.pt\/wp-content\/uploads\/2020\/03\/skype-300x300.png\" alt=\"\" width=\"53\" height=\"53\" srcset=\"https:\/\/gri.ese.ipp.pt\/wp-content\/uploads\/2020\/03\/skype-300x300.png 300w, https:\/\/gri.ese.ipp.pt\/wp-content\/uploads\/2020\/03\/skype-150x150.png 150w, https:\/\/gri.ese.ipp.pt\/wp-content\/uploads\/2020\/03\/skype-768x768.png 768w, https:\/\/gri.ese.ipp.pt\/wp-content\/uploads\/2020\/03\/skype-1024x1024.png 1024w, https:\/\/gri.ese.ipp.pt\/wp-content\/uploads\/2020\/03\/skype.png 1200w\" sizes=\"auto, (max-width: 53px) 100vw, 53px\" \/> Skype us!<\/a><\/p>\n\n\n\n<p><strong>office hours <\/strong>tuesdays &amp; thursdays, 10h00 &#8211; 12h00 &amp; 14h30 &#8211; 15h30<\/p>\n\n\n\n<figure class=\"wp-block-image\"><img loading=\"lazy\" decoding=\"async\" width=\"300\" height=\"66\" src=\"https:\/\/gri.ese.ipp.pt\/wp-content\/uploads\/2018\/07\/logo-Pporto-01-300x66.jpg\" alt=\"\" class=\"wp-image-481\" srcset=\"https:\/\/gri.ese.ipp.pt\/wp-content\/uploads\/2018\/07\/logo-Pporto-01-300x66.jpg 300w, https:\/\/gri.ese.ipp.pt\/wp-content\/uploads\/2018\/07\/logo-Pporto-01-768x169.jpg 768w, https:\/\/gri.ese.ipp.pt\/wp-content\/uploads\/2018\/07\/logo-Pporto-01-1024x225.jpg 1024w\" sizes=\"auto, (max-width: 300px) 100vw, 300px\" \/><\/figure>\n\n\n\n<figure class=\"wp-block-image\"><img loading=\"lazy\" decoding=\"async\" width=\"287\" height=\"168\" src=\"https:\/\/gri.ese.ipp.pt\/wp-content\/uploads\/2018\/07\/ese.jpg\" alt=\"\" class=\"wp-image-484\"\/><\/figure>\n","protected":false},"excerpt":{"rendered":"<p>News Useful information on the services available @ESE\/P.PORTO We are happy to announce that preparations are underway for the new edition of the InterNetWorking Conference \u2013 Intercultural Week (INW25). The event is scheduled to take place in late April 2025&hellip;<\/p>\n","protected":false},"author":2,"featured_media":0,"parent":0,"menu_order":0,"comment_status":"closed","ping_status":"closed","template":"","meta":{"footnotes":""},"class_list":["post-1103","page","type-page","status-publish","hentry"],"_links":{"self":[{"href":"https:\/\/gri.ese.ipp.pt\/index.php?rest_route=\/wp\/v2\/pages\/1103","targetHints":{"allow":["GET"]}}],"collection":[{"href":"https:\/\/gri.ese.ipp.pt\/index.php?rest_route=\/wp\/v2\/pages"}],"about":[{"href":"https:\/\/gri.ese.ipp.pt\/index.php?rest_route=\/wp\/v2\/types\/page"}],"author":[{"embeddable":true,"href":"https:\/\/gri.ese.ipp.pt\/index.php?rest_route=\/wp\/v2\/users\/2"}],"replies":[{"embeddable":true,"href":"https:\/\/gri.ese.ipp.pt\/index.php?rest_route=%2Fwp%2Fv2%2Fcomments&post=1103"}],"version-history":[{"count":44,"href":"https:\/\/gri.ese.ipp.pt\/index.php?rest_route=\/wp\/v2\/pages\/1103\/revisions"}],"predecessor-version":[{"id":2141,"href":"https:\/\/gri.ese.ipp.pt\/index.php?rest_route=\/wp\/v2\/pages\/1103\/revisions\/2141"}],"wp:attachment":[{"href":"https:\/\/gri.ese.ipp.pt\/index.php?rest_route=%2Fwp%2Fv2%2Fmedia&parent=1103"}],"curies":[{"name":"wp","href":"https:\/\/api.w.org\/{rel}","templated":true}]}}