{"id":1108,"date":"2020-04-24T07:42:39","date_gmt":"2020-04-24T07:42:39","guid":{"rendered":"http:\/\/gri.ese.ipp.pt\/?page_id=1108"},"modified":"2020-04-24T08:08:58","modified_gmt":"2020-04-24T08:08:58","slug":"1108-2","status":"publish","type":"page","link":"https:\/\/gri.ese.ipp.pt\/?page_id=1108&lang=es","title":{"rendered":"Presentaci\u00f3n"},"content":{"rendered":"<h3>La Oficina de Relaciones Internacionales y su misi\u00f3n<\/h3>\n<p>La Oficina de Relaciones Internacionales del Polit\u00e9cnico de Oporto- Escuela Superior de Educaci\u00f3n- tiene el prop\u00f3sito de incentivar y promover oportunidades de candidatura para programas de movilidad, en particular, el programa Erasmus+ y los programas de cooperaci\u00f3n con pa\u00edses de Latinoam\u00e9rica. Estos programas funcionan como estrategias de internacionalizaci\u00f3n de los estudiantes, del cuerpo docente y de otros trabajadores de la ESE, ofreci\u00e9ndoles la posibilidad de concretar experiencias profesionales, interculturales y ling\u00fc\u00edsticas que de hecho contribuyen para el enriquecimiento de ellos como ciudadanos del mundo.<\/p>\n<h3>Regulaci\u00f3n<\/h3>\n<p>Es obligatoria la regulaci\u00f3n del proceso de movilidad de cada estudiante y miembro del cuerpo docente u otros trabajadores, para que se refuerce la transparencia a lo largo del proceso de movilidad Erasmus+ y de otros programas presentes en la regulaci\u00f3n general del Polit\u00e9cnico de Oporto. Por lo tanto, surge la siguiente regulaci\u00f3n:<\/p>\n<p><a href=\"https:\/\/gri.ese.ipp.pt\/wp-content\/uploads\/2019\/09\/Regulamentoatualizado.pdf\">Descargar el documento<\/a><\/p>\n","protected":false},"excerpt":{"rendered":"<p>La Oficina de Relaciones Internacionales y su misi\u00f3n La Oficina de Relaciones Internacionales del Polit\u00e9cnico de Oporto- Escuela Superior de Educaci\u00f3n- tiene el prop\u00f3sito de incentivar y promover oportunidades de candidatura para programas de movilidad, en particular, el programa Erasmus+&hellip;<\/p>\n","protected":false},"author":2,"featured_media":0,"parent":0,"menu_order":0,"comment_status":"closed","ping_status":"closed","template":"","meta":{"footnotes":""},"class_list":["post-1108","page","type-page","status-publish","hentry"],"_links":{"self":[{"href":"https:\/\/gri.ese.ipp.pt\/index.php?rest_route=\/wp\/v2\/pages\/1108","targetHints":{"allow":["GET"]}}],"collection":[{"href":"https:\/\/gri.ese.ipp.pt\/index.php?rest_route=\/wp\/v2\/pages"}],"about":[{"href":"https:\/\/gri.ese.ipp.pt\/index.php?rest_route=\/wp\/v2\/types\/page"}],"author":[{"embeddable":true,"href":"https:\/\/gri.ese.ipp.pt\/index.php?rest_route=\/wp\/v2\/users\/2"}],"replies":[{"embeddable":true,"href":"https:\/\/gri.ese.ipp.pt\/index.php?rest_route=%2Fwp%2Fv2%2Fcomments&post=1108"}],"version-history":[{"count":2,"href":"https:\/\/gri.ese.ipp.pt\/index.php?rest_route=\/wp\/v2\/pages\/1108\/revisions"}],"predecessor-version":[{"id":1111,"href":"https:\/\/gri.ese.ipp.pt\/index.php?rest_route=\/wp\/v2\/pages\/1108\/revisions\/1111"}],"wp:attachment":[{"href":"https:\/\/gri.ese.ipp.pt\/index.php?rest_route=%2Fwp%2Fv2%2Fmedia&parent=1108"}],"curies":[{"name":"wp","href":"https:\/\/api.w.org\/{rel}","templated":true}]}}