{"id":1134,"date":"2020-04-24T08:41:38","date_gmt":"2020-04-24T08:41:38","guid":{"rendered":"http:\/\/gri.ese.ipp.pt\/?page_id=1134"},"modified":"2020-04-24T08:41:40","modified_gmt":"2020-04-24T08:41:40","slug":"iacobus-2","status":"publish","type":"page","link":"https:\/\/gri.ese.ipp.pt\/?page_id=1134&lang=es","title":{"rendered":"IACOBUS"},"content":{"rendered":"\n<figure class=\"wp-block-image\"><img loading=\"lazy\" decoding=\"async\" width=\"300\" height=\"134\" src=\"https:\/\/gri.ese.ipp.pt\/wp-content\/uploads\/2018\/07\/logo_iacobus_2-300x134.png\" alt=\"\" class=\"wp-image-487\" srcset=\"https:\/\/gri.ese.ipp.pt\/wp-content\/uploads\/2018\/07\/logo_iacobus_2-300x134.png 300w, https:\/\/gri.ese.ipp.pt\/wp-content\/uploads\/2018\/07\/logo_iacobus_2-768x342.png 768w, https:\/\/gri.ese.ipp.pt\/wp-content\/uploads\/2018\/07\/logo_iacobus_2.png 1010w\" sizes=\"auto, (max-width: 300px) 100vw, 300px\" \/><\/figure>\n\n\n\n<p>El Programa IACOBUS es un programa de cooperaci\u00f3n cultural, cient\u00edfica y pedag\u00f3gica que surge con el prop\u00f3sito de dar un paso m\u00e1s all\u00e1 en la configuraci\u00f3n de un aut\u00e9ntico espacio de integraci\u00f3n interregional entre las Universidades y otras instituciones de Ense\u00f1anza Superior de la Eurorregi\u00f3n Galicia \u2013 Norte de Portugal, desarrollando un sistema de intercambio trasfronterizo de profesores, investigadores y de personal de administraci\u00f3n y de servicios.&nbsp;<\/p>\n\n\n\n<p>La instituci\u00f3n gestora del Programa es la Agrupaci\u00f3n Europea de Cooperaci\u00f3n Territorial Galicia \u2013 Norte de Portugal (GNP-AECT). La Regulaci\u00f3n del programa, adem\u00e1s del listado de las Universidades o Instituciones de Ense\u00f1anza Superior socias est\u00e1 disponible <a href=\"http:\/\/iacobus.gnpaect.eu\/pt\">aqu\u00ed<\/a>. En este Programa pueden participar:<\/p>\n\n\n\n<ul class=\"wp-block-list\"><li>Personal docente e investigador;&nbsp;<\/li><li>Investigadores predoctorales o posdoctorales con un v\u00ednculo en vigor de investigaci\u00f3n con una Universidad o una Instituci\u00f3n de Ense\u00f1anza Superior;<\/li><li>Personal de la administraci\u00f3n y de los servicios.&nbsp;<\/li><\/ul>\n\n\n\n<p>Los participantes deben tener contrato \/ v\u00ednculo de investigaci\u00f3n vigente durante el periodo de realizaci\u00f3n del intercambio, as\u00ed como estar en condiciones de poder trabajar en el pa\u00eds que solicita la estad\u00eda.&nbsp;<\/p>\n","protected":false},"excerpt":{"rendered":"<p>El Programa IACOBUS es un programa de cooperaci\u00f3n cultural, cient\u00edfica y pedag\u00f3gica que surge con el prop\u00f3sito de dar un paso m\u00e1s all\u00e1 en la configuraci\u00f3n de un aut\u00e9ntico espacio de integraci\u00f3n interregional entre las Universidades y otras instituciones de&hellip;<\/p>\n","protected":false},"author":2,"featured_media":0,"parent":0,"menu_order":0,"comment_status":"closed","ping_status":"closed","template":"","meta":{"footnotes":""},"class_list":["post-1134","page","type-page","status-publish","hentry"],"_links":{"self":[{"href":"https:\/\/gri.ese.ipp.pt\/index.php?rest_route=\/wp\/v2\/pages\/1134","targetHints":{"allow":["GET"]}}],"collection":[{"href":"https:\/\/gri.ese.ipp.pt\/index.php?rest_route=\/wp\/v2\/pages"}],"about":[{"href":"https:\/\/gri.ese.ipp.pt\/index.php?rest_route=\/wp\/v2\/types\/page"}],"author":[{"embeddable":true,"href":"https:\/\/gri.ese.ipp.pt\/index.php?rest_route=\/wp\/v2\/users\/2"}],"replies":[{"embeddable":true,"href":"https:\/\/gri.ese.ipp.pt\/index.php?rest_route=%2Fwp%2Fv2%2Fcomments&post=1134"}],"version-history":[{"count":1,"href":"https:\/\/gri.ese.ipp.pt\/index.php?rest_route=\/wp\/v2\/pages\/1134\/revisions"}],"predecessor-version":[{"id":1136,"href":"https:\/\/gri.ese.ipp.pt\/index.php?rest_route=\/wp\/v2\/pages\/1134\/revisions\/1136"}],"wp:attachment":[{"href":"https:\/\/gri.ese.ipp.pt\/index.php?rest_route=%2Fwp%2Fv2%2Fmedia&parent=1134"}],"curies":[{"name":"wp","href":"https:\/\/api.w.org\/{rel}","templated":true}]}}