{"id":1142,"date":"2020-04-24T09:31:31","date_gmt":"2020-04-24T09:31:31","guid":{"rendered":"http:\/\/gri.ese.ipp.pt\/?page_id=1142"},"modified":"2025-11-27T13:12:40","modified_gmt":"2025-11-27T13:12:40","slug":"coperacion-con-instituciones-de-ensenanza-superior-latinoamericanas","status":"publish","type":"page","link":"https:\/\/gri.ese.ipp.pt\/?page_id=1142&lang=es","title":{"rendered":"Coperaci\u00f3n con instituciones de ense\u00f1anza superior latinoamericanas"},"content":{"rendered":"<p>El P. PORTO celebr\u00f3 Protocolos de Cooperaci\u00f3n con algunas universidades brasile\u00f1as e hispanoamericanas, de modo que los estudiantes puedan efectuar una movilidad con la duraci\u00f3n de un cuatrimestre o anual (mediante la aprobaci\u00f3n de ambas instituciones).<\/p>\n<p>Los estudiantes deben informarse en la Oficina de Relaciones Internacionales a cerca del proceso de candidatura.<\/p>\n<h1><span style=\"color: #0000ff;\">Estudiantes visitantes<\/span><\/h1>\n<h2><strong>Planes de estudios<\/strong><\/h2>\n<p><strong>cursos de grado<\/strong><\/p>\n<p><a href=\"https:\/\/www.ese.ipp.pt\/cursos\/licenciatura\">Consulte aqui<\/a><\/p>\n<p><strong>m\u00e1steres<\/strong><\/p>\n<p><a href=\"https:\/\/www.ese.ipp.pt\/cursos\/mestrado\">Consulte aqui<\/a><\/p>\n<h2><strong>Calend\u00e1rio acad\u00e9mico<\/strong><\/h2>\n<p><a href=\"https:\/\/www.ese.ipp.pt\/vida-academica\/informacoes-academicas\/horarios-calendarios\">Descargue aqu\u00ed<\/a><\/p>\n<h2><strong>Candidaturas<\/strong><\/h2>\n<p>El plazo para presentar la candidatura para el primer cuatrimestre es hasta el 1 de junio y 15 de noviembre para el segundo cuatrimestre. Por favor acceda a nuestra p\u00e1gina web <a href=\"https:\/\/ese.ipp.pt\/cursos\">https:\/\/ese.ipp.pt\/cursos<\/a>, donde podr\u00e1 encontrar m\u00e1s informaciones sobre la oferta educativa de la Escuela Superior de Educaci\u00f3n.<\/p>\n<p>En un primer momento, deber\u00e1 enviar una lista de unidades curriculares a las que le gustar\u00eda asistir en la ESE. Esa ser\u00e1 enviada a su futuro profesor-tutor, aqu\u00ed en Oporto, para que \u00e9l pueda confirmar si el plano de estudios est\u00e1 en conformidad y sugerir algunos cambios, si necesario. Tendr\u00e1 el derecho de alterar su plano de estudios tras llegar a la Escuela Superior de Educaci\u00f3n.<\/p>\n<p>Luego, ser\u00e1 enviada una carta de aceptaci\u00f3n oficial y una solicitud de env\u00edo de los siguientes documentos:<\/p>\n<ul>\n<li><a href=\"https:\/\/gri.ese.ipp.pt\/wp-content\/uploads\/2018\/10\/Application-form.doc\">Formulario de candidatura<\/a><\/li>\n<li><a href=\"https:\/\/gri.ese.ipp.pt\/wp-content\/uploads\/2018\/10\/contrato-de-estudos.doc\">Formulario del contrato de estudios<\/a><\/li>\n<li>Hist\u00f3rico\u00a0acad\u00e9mico oficial carimbado por la instituci\u00f3n o secci\u00f3n de ense\u00f1anza;<\/li>\n<li>Copia de la p\u00e1gina de identificaci\u00f3n del pasaporte.<\/li>\n<\/ul>\n<p>Deber\u00e1 enviar estos documentos para <a href=\"mailto:gri@ese.ipp.pt\">gri@ese.ipp.pt<\/a>.<\/p>\n<h2><strong>Alojamento<\/strong><\/h2>\n<p><a href=\"https:\/\/gri.ese.ipp.pt\/wp-content\/uploads\/2018\/07\/portonorth41_198649east-8_581091south41_161649west-8.png\"><img loading=\"lazy\" decoding=\"async\" class=\"alignnone size-full wp-image-463\" src=\"https:\/\/gri.ese.ipp.pt\/wp-content\/uploads\/2018\/07\/portonorth41_198649east-8_581091south41_161649west-8.png\" alt=\"\" width=\"140\" height=\"33\" \/><\/a><\/p>\n<p>Tenemos una nueva colaboraci\u00f3n con Uniplaces. Uniplaces es un servicio innovador para estudiantes que ofrece un nuevo y fresco enfoque en el alquiler online de casas para estudiantes. Es r\u00e1pido, seguro, y le da acceso a diversas propriedades de confianza en la ciudad de Oporto. Acceda <a href=\"https:\/\/www.uniplaces.com\/d\/porto\/accommodation-near-ese\">aqu\u00ed<\/a> para reservar su alojamiento y utilice el c\u00f3digo promocional: UP30ESE.<\/p>\n","protected":false},"excerpt":{"rendered":"<p>El P. PORTO celebr\u00f3 Protocolos de Cooperaci\u00f3n con algunas universidades brasile\u00f1as e hispanoamericanas, de modo que los estudiantes puedan efectuar una movilidad con la duraci\u00f3n de un cuatrimestre o anual (mediante la aprobaci\u00f3n de ambas instituciones). Los estudiantes deben informarse&hellip;<\/p>\n","protected":false},"author":2,"featured_media":0,"parent":0,"menu_order":0,"comment_status":"closed","ping_status":"closed","template":"","meta":{"footnotes":""},"class_list":["post-1142","page","type-page","status-publish","hentry"],"_links":{"self":[{"href":"https:\/\/gri.ese.ipp.pt\/index.php?rest_route=\/wp\/v2\/pages\/1142","targetHints":{"allow":["GET"]}}],"collection":[{"href":"https:\/\/gri.ese.ipp.pt\/index.php?rest_route=\/wp\/v2\/pages"}],"about":[{"href":"https:\/\/gri.ese.ipp.pt\/index.php?rest_route=\/wp\/v2\/types\/page"}],"author":[{"embeddable":true,"href":"https:\/\/gri.ese.ipp.pt\/index.php?rest_route=\/wp\/v2\/users\/2"}],"replies":[{"embeddable":true,"href":"https:\/\/gri.ese.ipp.pt\/index.php?rest_route=%2Fwp%2Fv2%2Fcomments&post=1142"}],"version-history":[{"count":3,"href":"https:\/\/gri.ese.ipp.pt\/index.php?rest_route=\/wp\/v2\/pages\/1142\/revisions"}],"predecessor-version":[{"id":2245,"href":"https:\/\/gri.ese.ipp.pt\/index.php?rest_route=\/wp\/v2\/pages\/1142\/revisions\/2245"}],"wp:attachment":[{"href":"https:\/\/gri.ese.ipp.pt\/index.php?rest_route=%2Fwp%2Fv2%2Fmedia&parent=1142"}],"curies":[{"name":"wp","href":"https:\/\/api.w.org\/{rel}","templated":true}]}}