{"id":144,"date":"2018-06-01T18:56:59","date_gmt":"2018-06-01T18:56:59","guid":{"rendered":"http:\/\/gri.ese.ipp.pt\/?page_id=144"},"modified":"2026-01-27T11:03:41","modified_gmt":"2026-01-27T11:03:41","slug":"quem-somos","status":"publish","type":"page","link":"https:\/\/gri.ese.ipp.pt\/","title":{"rendered":"Bem-vindo\/a"},"content":{"rendered":"\n<h3 class=\"wp-block-heading\" id=\"noticias\">Not\u00edcias<\/h3>\n\n\n\n<figure class=\"wp-block-image\"><a href=\"https:\/\/gri.ese.ipp.pt\/wp-content\/uploads\/2018\/07\/int.png\"><img loading=\"lazy\" decoding=\"async\" width=\"300\" height=\"119\" src=\"https:\/\/gri.ese.ipp.pt\/wp-content\/uploads\/2018\/07\/int-300x119.png\" alt=\"\" class=\"wp-image-460\" srcset=\"https:\/\/gri.ese.ipp.pt\/wp-content\/uploads\/2018\/07\/int-300x119.png 300w, https:\/\/gri.ese.ipp.pt\/wp-content\/uploads\/2018\/07\/int.png 492w\" sizes=\"auto, (max-width: 300px) 100vw, 300px\" \/><\/a><figcaption class=\"wp-element-caption\"><strong>INW Conference \u2013 International Week<\/strong><\/figcaption><\/figure>\n\n\n\n<p>Est\u00e3o em curso os preparativos para a nova edi\u00e7\u00e3o da\u00a0<a href=\"https:\/\/inw.ese.ipp.pt\" target=\"_blank\" rel=\"noreferrer noopener\">InterNetWorking Conference \u2013 Intercultural Week (INW26).<\/a> <br>Em Abril de 2026 a ESE ser\u00e1 novamente um espa\u00e7o de partilha, discuss\u00e3o e reflex\u00e3o em torno das ideias ligadas \u00e0 Educa\u00e7\u00e3o.\u00a0O tema principal da INW26 ser\u00e1 focado na\u00a0<strong>Interculturalidade e Transforma\u00e7\u00e3o Pedag\u00f3gica: Horizontes de Inova\u00e7\u00e3o no Ensino Superior<\/strong>.<\/p>\n\n\n\n<p>Este encontro ser\u00e1 tamb\u00e9m&nbsp;<strong><mark>uma semana internacional<\/mark><\/strong>, promovida pelo <a rel=\"noreferrer noopener\" href=\"https:\/\/gri.ese.ipp.pt\/\" target=\"_blank\">Gabinete de Rela\u00e7\u00f5es Internacionais<\/a>, oferecendo boas oportunidades de interc\u00e2mbio intercultural, assim como de desenvolvimento acad\u00e9mico e pessoal.&nbsp;<\/p>\n\n\n\n<p><\/p>\n\n\n\n<h3 class=\"wp-block-heading\">CONCURSO MOBILIDADE INTERNACIONAL 2026\/27 ESE<\/h3>\n\n\n\n<p>Encontra-se aberto, de 26 de janeiro a 2 de mar\u00e7o (inclusive) de 2026, o Concurso para a realiza\u00e7\u00e3o de Mobilidade de Estudos (SMS) e de Est\u00e1gios (SMT) no \u00e2mbito do Programa Erasmus+. Esta chamada destina-se aos estudantes da ESE que pretendem realizar um per\u00edodo de mobilidade no ano acad\u00e9mico 2026-2027.<\/p>\n\n\n\n<p><\/p>\n\n\n\n<h3 class=\"wp-block-heading\">Sess\u00e3o de Boas Vindas InterNetWorking 2026<\/h3>\n\n\n\n<p><\/p>\n\n\n\n<p>Caro Estudante Internacional,<\/p>\n\n\n\n<p>A Escola de Educa\u00e7\u00e3o d\u00e1-lhe as boas-vindas e sa\u00fada-o por ter seleccionado a nossa institui\u00e7\u00e3o para empreender uma experi\u00eancia de mobilidade.<\/p>\n\n\n\n<p>Esperamos que aprecie a sua experi\u00eancia na nossa Escola e no Porto!<\/p>\n\n\n\n<p>Para os estudantes que fazem mobilidade no \u00e2mbito de programas de coopera\u00e7\u00e3o (como o Erasmus+), o Gabinete de Rela\u00e7\u00f5es Internacionais est\u00e1 a organizar uma Sess\u00e3o de Boas Vindas InterNetWorking, que ter\u00e1 lugar no dia 12 de fevereiro de 2026 \u00e0s 11h00 (Sala A118).<\/p>\n\n\n\n<p>Programa:<\/p>\n\n\n\n<ul class=\"wp-block-list\">\n<li>Sess\u00e3o de abertura &#8211; apresenta\u00e7\u00e3o da nossa institui\u00e7\u00e3o e aspectos chave da mobilidade Erasmus+;<\/li>\n\n\n\n<li>Curso de sobreviv\u00eancia da l\u00edngua e cultura portuguesas;<\/li>\n\n\n\n<li>Visita ao campus universit\u00e1rio juntamente com o grupo de eBuddies (estudantes portugueses volunt\u00e1rios da Escola Superior de Educa\u00e7\u00e3o que o acolher\u00e3o e o ajudar\u00e3o a integrar-se).<\/li>\n<\/ul>\n\n\n\n<p><\/p>\n\n\n\n<p><\/p>\n\n\n\n<p><strong>\u201cProjeto Podcast &#8211; Um guia para a Mobilidade Internacional\u201d<\/strong><\/p>\n\n\n\n<div class=\"wp-block-columns is-layout-flex wp-container-core-columns-is-layout-9d6595d7 wp-block-columns-is-layout-flex\">\n<div class=\"wp-block-column is-layout-flow wp-block-column-is-layout-flow\">\n<figure class=\"wp-block-image size-medium\"><img loading=\"lazy\" decoding=\"async\" width=\"253\" height=\"300\" src=\"https:\/\/gri.ese.ipp.pt\/wp-content\/uploads\/2021\/07\/ESE_GRI_PODCAST-PT-1-253x300.png\" alt=\"\" class=\"wp-image-1620\" srcset=\"https:\/\/gri.ese.ipp.pt\/wp-content\/uploads\/2021\/07\/ESE_GRI_PODCAST-PT-1-253x300.png 253w, https:\/\/gri.ese.ipp.pt\/wp-content\/uploads\/2021\/07\/ESE_GRI_PODCAST-PT-1-863x1024.png 863w, https:\/\/gri.ese.ipp.pt\/wp-content\/uploads\/2021\/07\/ESE_GRI_PODCAST-PT-1-768x912.png 768w, https:\/\/gri.ese.ipp.pt\/wp-content\/uploads\/2021\/07\/ESE_GRI_PODCAST-PT-1-1294x1536.png 1294w, https:\/\/gri.ese.ipp.pt\/wp-content\/uploads\/2021\/07\/ESE_GRI_PODCAST-PT-1-1725x2048.png 1725w\" sizes=\"auto, (max-width: 253px) 100vw, 253px\" \/><\/figure>\n<\/div>\n\n\n\n<div class=\"wp-block-column is-layout-flow wp-block-column-is-layout-flow\"><\/div>\n\n\n\n<div class=\"wp-block-column is-layout-flow wp-block-column-is-layout-flow\"><\/div>\n<\/div>\n\n\n\n<p>O aparecimento do v\u00edrus <strong>COVID-19<\/strong> trouxe imensas implica\u00e7\u00f5es que levaram \u00e0 declara\u00e7\u00e3o de estado de emerg\u00eancia e, consequentemente, de pandemia global. For\u00e7adamente, e para o bem da sa\u00fade p\u00fablica, foi imposta uma quarentena obrigat\u00f3ria que dificultou as rela\u00e7\u00f5es interpessoais, impedindo por completo o contacto presencial. De que maneira foi esta situa\u00e7\u00e3o remediada? Ora nem mais &#8211; virtualmente. Qualquer situa\u00e7\u00e3o do dia-a-dia considerada \u201cbanal\u201d passou a ser realizada atrav\u00e9s de um ecr\u00e3, e os alunos da nossa escola n\u00e3o fugiram \u00e0 regra.&nbsp;<\/p>\n\n\n\n<p>Foi aqui que nasceu o <strong><em>\u201cProjeto Podcast &#8211; Um guia para a Mobilidade Internacional\u201d<\/em><\/strong>, um Podcast criado pelos alunos estagi\u00e1rios do Gabinete de Rela\u00e7\u00f5es Internacionais (GRI). Este projeto foi uma das v\u00e1rias <em>\u201cp\u00e9rolas\u201d<\/em> criadas pela pandemia. Com o intuito de promover a intera\u00e7\u00e3o social e intercultural entre estudantes da Escola Superior de Educa\u00e7\u00e3o e de alunos inseridos nos v\u00e1rios Programas de Mobilidade Internacional que o GRI oferece atrav\u00e9s de uma conversa informal que alberga tem\u00e1ticas como a Internacionaliza\u00e7\u00e3o do Ensino Superior, o Multiculturalismo, a Conviv\u00eancia Multicultural, o Plurilinguismo, e muito mais.<\/p>\n\n\n\n<p>Desta forma, nos anos letivos subsequentes, foi dada continuidade a este projeto pelos alunos estagi\u00e1rios do GRI. Apesar do lento retorno \u00e0 normalidade, o projeto revelou-se demasiado importante, com <em>feedbacks<\/em> positivos que despertaram interesse e motiva\u00e7\u00e3o, para ser descontinuado, de maneira que, \u00e0 data de reda\u00e7\u00e3o desta not\u00edcia, continuam a ser gravados novos epis\u00f3dios. Para os interessados em ouvir o Podcast, est\u00e3o disponibilizados links dos epis\u00f3dios na p\u00e1gina principal do website do GRI, assim como no c\u00f3digo QR acima apresentado.<\/p>\n\n\n\n<figure class=\"wp-block-image\"><img loading=\"lazy\" decoding=\"async\" width=\"300\" height=\"85\" src=\"https:\/\/gri.ese.ipp.pt\/wp-content\/uploads\/2018\/07\/ebuddy-300x85.png\" alt=\"\" class=\"wp-image-405\" srcset=\"https:\/\/gri.ese.ipp.pt\/wp-content\/uploads\/2018\/07\/ebuddy-300x85.png 300w, https:\/\/gri.ese.ipp.pt\/wp-content\/uploads\/2018\/07\/ebuddy.png 394w\" sizes=\"auto, (max-width: 300px) 100vw, 300px\" \/><\/figure>\n\n\n\n<p>Se \u00e9s um estudante da ESE, participa no nosso programa eBuddy.&nbsp;<a rel=\"noreferrer noopener\" href=\"https:\/\/programaebuddy.typeform.com\/to\/CVsotO\" target=\"_blank\">Inscreve-te<\/a>!<\/p>\n\n\n\n<p><\/p>\n\n\n\n<p><\/p>\n\n\n\n<h3 class=\"wp-block-heading\" id=\"membros-do-gabinete-de-relacoes-internacionais\">Membros do Gabinete de Rela\u00e7\u00f5es Internacionais<\/h3>\n\n\n\n<div class=\"wp-block-columns is-layout-flex wp-container-core-columns-is-layout-9d6595d7 wp-block-columns-is-layout-flex\">\n<div class=\"wp-block-column is-layout-flow wp-block-column-is-layout-flow\" style=\"flex-basis:100%\">\n<div class=\"wp-block-group\"><div class=\"wp-block-group__inner-container is-layout-flow wp-block-group-is-layout-flow\">\n<div class=\"wp-block-columns is-layout-flex wp-container-core-columns-is-layout-9d6595d7 wp-block-columns-is-layout-flex\">\n<div class=\"wp-block-column is-layout-flow wp-block-column-is-layout-flow\" style=\"flex-basis:100%\">\n<div class=\"wp-block-columns is-layout-flex wp-container-core-columns-is-layout-9d6595d7 wp-block-columns-is-layout-flex\">\n<div class=\"wp-block-column is-layout-flow wp-block-column-is-layout-flow\" style=\"flex-basis:100%\">\n<div class=\"wp-block-group\"><div class=\"wp-block-group__inner-container is-layout-flow wp-block-group-is-layout-flow\">\n<div class=\"wp-block-group\"><div class=\"wp-block-group__inner-container is-layout-flow wp-block-group-is-layout-flow\">\n<figure class=\"wp-block-gallery has-nested-images columns-2 is-cropped wp-block-gallery-1 is-layout-flex wp-block-gallery-is-layout-flex\">\n<figure class=\"wp-block-image size-full\"><img loading=\"lazy\" decoding=\"async\" width=\"356\" height=\"458\" data-id=\"1770\" src=\"https:\/\/gri.ese.ipp.pt\/wp-content\/uploads\/2022\/09\/foto_SB.jpg\" alt=\"\" class=\"wp-image-1770\" srcset=\"https:\/\/gri.ese.ipp.pt\/wp-content\/uploads\/2022\/09\/foto_SB.jpg 356w, https:\/\/gri.ese.ipp.pt\/wp-content\/uploads\/2022\/09\/foto_SB-233x300.jpg 233w\" sizes=\"auto, (max-width: 356px) 100vw, 356px\" \/><figcaption class=\"wp-element-caption\">S\u00edlvia Barros<br>(Coordenadora)<\/figcaption><\/figure>\n\n\n\n<figure class=\"wp-block-image size-large\"><img loading=\"lazy\" decoding=\"async\" width=\"447\" height=\"444\" data-id=\"395\" src=\"https:\/\/gri.ese.ipp.pt\/wp-content\/uploads\/2018\/07\/dianafinal.png\" alt=\"\" class=\"wp-image-395\" srcset=\"https:\/\/gri.ese.ipp.pt\/wp-content\/uploads\/2018\/07\/dianafinal.png 447w, https:\/\/gri.ese.ipp.pt\/wp-content\/uploads\/2018\/07\/dianafinal-150x150.png 150w, https:\/\/gri.ese.ipp.pt\/wp-content\/uploads\/2018\/07\/dianafinal-300x298.png 300w\" sizes=\"auto, (max-width: 447px) 100vw, 447px\" \/><figcaption class=\"wp-element-caption\">Diana Kruma-Ferreira<br>(Apoio administrativo)<\/figcaption><\/figure>\n<\/figure>\n<\/div><\/div>\n<\/div><\/div>\n<\/div>\n<\/div>\n<\/div>\n<\/div>\n<\/div><\/div>\n<\/div>\n<\/div>\n\n\n\n<div class=\"wp-block-group\"><div class=\"wp-block-group__inner-container is-layout-flow wp-block-group-is-layout-flow\">\n<div class=\"wp-block-group\"><div class=\"wp-block-group__inner-container is-layout-flow wp-block-group-is-layout-flow\">\n<div class=\"wp-block-group\"><div class=\"wp-block-group__inner-container is-layout-flow wp-block-group-is-layout-flow\"><\/div><\/div>\n<\/div><\/div>\n<\/div><\/div>\n\n\n\n<p><strong>m<\/strong>&nbsp;Polit\u00e9cnico do Porto&nbsp;\u2013 Escola Superior de Educa\u00e7\u00e3o, Rua Dr. Roberto Frias, 602, 4200-465 Porto, Portugal<\/p>\n\n\n\n<div class=\"wp-block-columns is-layout-flex wp-container-core-columns-is-layout-9d6595d7 wp-block-columns-is-layout-flex\">\n<div class=\"wp-block-column is-layout-flow wp-block-column-is-layout-flow\" style=\"flex-basis:100%\"><\/div>\n<\/div>\n\n\n\n<p><strong>t<\/strong>&nbsp;+351 225073474<\/p>\n\n\n\n<p><strong>f<\/strong>&nbsp;+351 225073464<\/p>\n\n\n\n<p><strong>e&nbsp;<\/strong>gri@ese.ipp.pt<\/p>\n\n\n\n<p><a href=\"https:\/\/join.skype.com\/invite\/iN4KnHPqt2VX\"><img loading=\"lazy\" decoding=\"async\" class=\"alignnone  wp-image-1097\" src=\"https:\/\/gri.ese.ipp.pt\/wp-content\/uploads\/2020\/03\/skype-300x300.png\" alt=\"\" width=\"53\" height=\"53\" srcset=\"https:\/\/gri.ese.ipp.pt\/wp-content\/uploads\/2020\/03\/skype-300x300.png 300w, https:\/\/gri.ese.ipp.pt\/wp-content\/uploads\/2020\/03\/skype-150x150.png 150w, https:\/\/gri.ese.ipp.pt\/wp-content\/uploads\/2020\/03\/skype-768x768.png 768w, https:\/\/gri.ese.ipp.pt\/wp-content\/uploads\/2020\/03\/skype-1024x1024.png 1024w, https:\/\/gri.ese.ipp.pt\/wp-content\/uploads\/2020\/03\/skype.png 1200w\" sizes=\"auto, (max-width: 53px) 100vw, 53px\" \/>Contacte-nos atrav\u00e9s do Skype!<\/a><\/p>\n\n\n\n<p><strong>hor\u00e1rio&nbsp;<\/strong>ter\u00e7as &amp; quintas, 10h00 \u2013 12h00 &amp; 14h30 \u2013 15h30<\/p>\n\n\n\n<figure class=\"wp-block-image\"><img loading=\"lazy\" decoding=\"async\" width=\"300\" height=\"66\" src=\"https:\/\/gri.ese.ipp.pt\/wp-content\/uploads\/2018\/07\/logo-Pporto-01-300x66.jpg\" alt=\"\" class=\"wp-image-481\" srcset=\"https:\/\/gri.ese.ipp.pt\/wp-content\/uploads\/2018\/07\/logo-Pporto-01-300x66.jpg 300w, https:\/\/gri.ese.ipp.pt\/wp-content\/uploads\/2018\/07\/logo-Pporto-01-768x169.jpg 768w, https:\/\/gri.ese.ipp.pt\/wp-content\/uploads\/2018\/07\/logo-Pporto-01-1024x225.jpg 1024w\" sizes=\"auto, (max-width: 300px) 100vw, 300px\" \/><\/figure>\n\n\n\n<figure class=\"wp-block-image\"><img loading=\"lazy\" decoding=\"async\" width=\"287\" height=\"168\" src=\"https:\/\/gri.ese.ipp.pt\/wp-content\/uploads\/2018\/07\/ese.jpg\" alt=\"\" class=\"wp-image-484\"\/><\/figure>\n","protected":false},"excerpt":{"rendered":"<p>Not\u00edcias Est\u00e3o em curso os preparativos para a nova edi\u00e7\u00e3o da\u00a0InterNetWorking Conference \u2013 Intercultural Week (INW26). Em Abril de 2026 a ESE ser\u00e1 novamente um espa\u00e7o de partilha, discuss\u00e3o e reflex\u00e3o em torno das ideias ligadas \u00e0 Educa\u00e7\u00e3o.\u00a0O tema principal&hellip;<\/p>\n","protected":false},"author":2,"featured_media":0,"parent":0,"menu_order":0,"comment_status":"closed","ping_status":"closed","template":"","meta":{"footnotes":""},"class_list":["post-144","page","type-page","status-publish","hentry"],"_links":{"self":[{"href":"https:\/\/gri.ese.ipp.pt\/index.php?rest_route=\/wp\/v2\/pages\/144","targetHints":{"allow":["GET"]}}],"collection":[{"href":"https:\/\/gri.ese.ipp.pt\/index.php?rest_route=\/wp\/v2\/pages"}],"about":[{"href":"https:\/\/gri.ese.ipp.pt\/index.php?rest_route=\/wp\/v2\/types\/page"}],"author":[{"embeddable":true,"href":"https:\/\/gri.ese.ipp.pt\/index.php?rest_route=\/wp\/v2\/users\/2"}],"replies":[{"embeddable":true,"href":"https:\/\/gri.ese.ipp.pt\/index.php?rest_route=%2Fwp%2Fv2%2Fcomments&post=144"}],"version-history":[{"count":108,"href":"https:\/\/gri.ese.ipp.pt\/index.php?rest_route=\/wp\/v2\/pages\/144\/revisions"}],"predecessor-version":[{"id":2276,"href":"https:\/\/gri.ese.ipp.pt\/index.php?rest_route=\/wp\/v2\/pages\/144\/revisions\/2276"}],"wp:attachment":[{"href":"https:\/\/gri.ese.ipp.pt\/index.php?rest_route=%2Fwp%2Fv2%2Fmedia&parent=144"}],"curies":[{"name":"wp","href":"https:\/\/api.w.org\/{rel}","templated":true}]}}