{"id":99,"date":"2018-06-01T18:40:48","date_gmt":"2018-06-01T18:40:48","guid":{"rendered":"http:\/\/gri.ese.ipp.pt\/?page_id=99"},"modified":"2025-11-25T11:52:08","modified_gmt":"2025-11-25T11:52:08","slug":"erasmus-now","status":"publish","type":"page","link":"https:\/\/gri.ese.ipp.pt\/?page_id=99","title":{"rendered":"Erasmus+ NOW"},"content":{"rendered":"\n<figure class=\"wp-block-image\"><img loading=\"lazy\" decoding=\"async\" width=\"220\" height=\"112\" src=\"https:\/\/gri.ese.ipp.pt\/wp-content\/uploads\/2018\/07\/logo-1.png\" alt=\"\" class=\"wp-image-496\"\/><\/figure>\n\n\n\n<p><\/p>\n\n\n\n<p><strong>O&nbsp;P.PORTO <\/strong>integra o projeto&nbsp;<a href=\"http:\/\/www.nowportugal.pt\/index.php\/pt\/\" target=\"_blank\" rel=\"noopener\">Cons\u00f3rcio Erasmus NOW Portugal<\/a>&nbsp;(NOrth Working Portugal).&nbsp;\u00c9 um programa&nbsp;gerido pela Associa\u00e7\u00e3o dos Institutos Superiores Polit\u00e9cnicos da Regi\u00e3o Norte de Portugal (APNOR),&nbsp;constitu\u00edda pelos Institutos Polit\u00e9cnicos de Bragan\u00e7a, do C\u00e1vado e do Ave, do Porto e de Viana do Castelo.&nbsp;O Cons\u00f3rcio Erasmus NOW Portugal associa empresas e institui\u00e7\u00f5es representativas do mercado de trabalho da Regi\u00e3o Norte de Portugal e promove a colabora\u00e7\u00e3o com outros Cons\u00f3rcios Erasmus, no pa\u00eds e na Europa.<\/p>\n\n\n\n<p>As mobilidades promovidas no \u00e2mbito deste projeto s\u00e3o:<\/p>\n\n\n\n<ul class=\"wp-block-list\">\n<li>est\u00e1gios para estudantes e rec\u00e9m-graduados;<\/li>\n\n\n\n<li>miss\u00f5es de ensino;<\/li>\n\n\n\n<li>per\u00edodos de forma\u00e7\u00e3o.<\/li>\n<\/ul>\n\n\n\n<p><\/p>\n","protected":false},"excerpt":{"rendered":"<p>O&nbsp;P.PORTO integra o projeto&nbsp;Cons\u00f3rcio Erasmus NOW Portugal&nbsp;(NOrth Working Portugal).&nbsp;\u00c9 um programa&nbsp;gerido pela Associa\u00e7\u00e3o dos Institutos Superiores Polit\u00e9cnicos da Regi\u00e3o Norte de Portugal (APNOR),&nbsp;constitu\u00edda pelos Institutos Polit\u00e9cnicos de Bragan\u00e7a, do C\u00e1vado e do Ave, do Porto e de Viana do Castelo.&nbsp;O&hellip;<\/p>\n","protected":false},"author":2,"featured_media":0,"parent":0,"menu_order":0,"comment_status":"closed","ping_status":"closed","template":"","meta":{"footnotes":""},"class_list":["post-99","page","type-page","status-publish","hentry"],"_links":{"self":[{"href":"https:\/\/gri.ese.ipp.pt\/index.php?rest_route=\/wp\/v2\/pages\/99","targetHints":{"allow":["GET"]}}],"collection":[{"href":"https:\/\/gri.ese.ipp.pt\/index.php?rest_route=\/wp\/v2\/pages"}],"about":[{"href":"https:\/\/gri.ese.ipp.pt\/index.php?rest_route=\/wp\/v2\/types\/page"}],"author":[{"embeddable":true,"href":"https:\/\/gri.ese.ipp.pt\/index.php?rest_route=\/wp\/v2\/users\/2"}],"replies":[{"embeddable":true,"href":"https:\/\/gri.ese.ipp.pt\/index.php?rest_route=%2Fwp%2Fv2%2Fcomments&post=99"}],"version-history":[{"count":7,"href":"https:\/\/gri.ese.ipp.pt\/index.php?rest_route=\/wp\/v2\/pages\/99\/revisions"}],"predecessor-version":[{"id":2241,"href":"https:\/\/gri.ese.ipp.pt\/index.php?rest_route=\/wp\/v2\/pages\/99\/revisions\/2241"}],"wp:attachment":[{"href":"https:\/\/gri.ese.ipp.pt\/index.php?rest_route=%2Fwp%2Fv2%2Fmedia&parent=99"}],"curies":[{"name":"wp","href":"https:\/\/api.w.org\/{rel}","templated":true}]}}